{"id":2421,"date":"2025-08-28T08:22:54","date_gmt":"2025-08-28T08:22:54","guid":{"rendered":"https:\/\/werner-karin-mission.com\/?page_id=2421"},"modified":"2025-09-03T22:24:45","modified_gmt":"2025-09-03T22:24:45","slug":"sepa-lastschrift","status":"publish","type":"page","link":"https:\/\/werner-karin-mission.com\/en\/sepa-lastschrift\/","title":{"rendered":"SEPA direct debit"},"content":{"rendered":"<div data-elementor-type=\"wp-page\" data-elementor-id=\"2421\" class=\"elementor elementor-2421\">\n\t\t\t\t\t\t<section class=\"elementor-section elementor-top-section elementor-element elementor-element-6051763 elementor-section-boxed elementor-section-height-default elementor-section-height-default wpr-particle-no wpr-jarallax-no wpr-parallax-no wpr-sticky-section-no wpr-equal-height-no\" data-id=\"6051763\" data-element_type=\"section\" data-e-type=\"section\">\n\t\t\t\t\t\t<div class=\"elementor-container elementor-column-gap-default\">\n\t\t\t\t\t<div class=\"elementor-column elementor-col-100 elementor-top-column elementor-element elementor-element-2a9cbe1\" data-id=\"2a9cbe1\" data-element_type=\"column\" data-e-type=\"column\">\n\t\t\t<div class=\"elementor-widget-wrap elementor-element-populated\">\n\t\t\t\t\t\t<div class=\"elementor-element elementor-element-425dde1 animated-slow elementor-invisible elementor-widget elementor-widget-heading\" data-id=\"425dde1\" data-element_type=\"widget\" data-e-type=\"widget\" data-settings=\"{&quot;_animation&quot;:&quot;fadeInUp&quot;}\" data-widget_type=\"heading.default\">\n\t\t\t\t<div class=\"elementor-widget-container\">\n\t\t\t\t\t<h2 class=\"elementor-heading-title elementor-size-default\">SEPA direct debit<\/h2>\t\t\t\t<\/div>\n\t\t\t\t<\/div>\n\t\t\t\t<div class=\"elementor-element elementor-element-321702b elementor-invisible elementor-widget elementor-widget-heading\" data-id=\"321702b\" data-element_type=\"widget\" data-e-type=\"widget\" data-settings=\"{&quot;_animation&quot;:&quot;fadeInUp&quot;}\" data-widget_type=\"heading.default\">\n\t\t\t\t<div class=\"elementor-widget-container\">\n\t\t\t\t\t<h2 class=\"elementor-heading-title elementor-size-default\">We look forward to your support!<\/h2>\t\t\t\t<\/div>\n\t\t\t\t<\/div>\n\t\t\t\t<div class=\"elementor-element elementor-element-7e4a421 elementor-widget__width-initial elementor-widget-mobile__width-inherit elementor-widget elementor-widget-text-editor\" data-id=\"7e4a421\" data-element_type=\"widget\" data-e-type=\"widget\" data-widget_type=\"text-editor.default\">\n\t\t\t\t<div class=\"elementor-widget-container\">\n\t\t\t\t\t\t\t\t\t<p>Every donation goes directly to those in need and provides concrete help on the ground. We will be happy to issue a donation receipt for your donation. Please be sure to state your name and address in the reference field.<\/p>\t\t\t\t\t\t\t\t<\/div>\n\t\t\t\t<\/div>\n\t\t\t\t\t<\/div>\n\t\t<\/div>\n\t\t\t\t\t<\/div>\n\t\t<\/section>\n\t\t\t\t<section class=\"elementor-section elementor-top-section elementor-element elementor-element-bec895d elementor-section-boxed elementor-section-height-default elementor-section-height-default wpr-particle-no wpr-jarallax-no wpr-parallax-no wpr-sticky-section-no wpr-equal-height-no\" data-id=\"bec895d\" data-element_type=\"section\" data-e-type=\"section\">\n\t\t\t\t\t\t<div class=\"elementor-container elementor-column-gap-default\">\n\t\t\t\t\t<div class=\"elementor-column elementor-col-100 elementor-top-column elementor-element elementor-element-603b4e2\" data-id=\"603b4e2\" data-element_type=\"column\" data-e-type=\"column\">\n\t\t\t<div class=\"elementor-widget-wrap elementor-element-populated\">\n\t\t\t\t\t\t<div class=\"elementor-element elementor-element-2745d28 elementor-widget elementor-widget-shortcode\" data-id=\"2745d28\" data-element_type=\"widget\" data-e-type=\"widget\" data-widget_type=\"shortcode.default\">\n\t\t\t\t<div class=\"elementor-widget-container\">\n\t\t\t\t\t\t\t<div class=\"elementor-shortcode\">\n<div class=\"wpcf7 no-js\" id=\"wpcf7-f2110-o1\" lang=\"en-US\" dir=\"ltr\" data-wpcf7-id=\"2110\">\n<div class=\"screen-reader-response\"><p role=\"status\" aria-live=\"polite\" aria-atomic=\"true\"><\/p> <ul><\/ul><\/div>\n<form action=\"\/en\/wp-json\/wp\/v2\/pages\/2421#wpcf7-f2110-o1\" method=\"post\" class=\"wpcf7-form init\" aria-label=\"Contact form\" novalidate=\"novalidate\" data-status=\"init\" data-trp-original-action=\"\/en\/wp-json\/wp\/v2\/pages\/2421#wpcf7-f2110-o1\">\n<fieldset class=\"hidden-fields-container\"><input type=\"hidden\" name=\"_wpcf7\" value=\"2110\" \/><input type=\"hidden\" name=\"_wpcf7_version\" value=\"6.1.5\" \/><input type=\"hidden\" name=\"_wpcf7_locale\" value=\"en_US\" \/><input type=\"hidden\" name=\"_wpcf7_unit_tag\" value=\"wpcf7-f2110-o1\" \/><input type=\"hidden\" name=\"_wpcf7_container_post\" value=\"0\" \/><input type=\"hidden\" name=\"_wpcf7_posted_data_hash\" value=\"\" \/><input type=\"hidden\" name=\"_uacf7_hidden_conditional_fields\" value=\"\" \/>\n<\/fieldset>\n<div class=\"uacf7-form-wrapper-container uacf7-form-2110\"><div class=\"uacf7-row\">\n<div class=\"uacf7-col-6\">\n<label><strong>Amount<\/strong><\/label>\n<span class=\"wpcf7-form-control-wrap\" data-name=\"select-betrag\"><select class=\"wpcf7-form-control wpcf7-select wpcf7-validates-as-required\" aria-required=\"true\" aria-invalid=\"false\" name=\"select-betrag\"><option value=\"25\u20ac\">25\u20ac<\/option><option value=\"50\u20ac\">50\u20ac<\/option><option value=\"100\u20ac\">100\u20ac<\/option><option value=\"anderer Betrag\">anderer Betrag<\/option><\/select><\/span>\n<\/div><div class=\"uacf7-col-6\"> \n<label><strong>Rhythm<\/strong><\/label>\n<span class=\"wpcf7-form-control-wrap\" data-name=\"rhythmus\"><select class=\"wpcf7-form-control wpcf7-select wpcf7-validates-as-required\" aria-required=\"true\" aria-invalid=\"false\" name=\"rhythmus\"><option value=\"einmalig\">einmalig<\/option><option value=\"monatlich zum 1.\">monatlich zum 1.<\/option><option value=\"monatlich zum 15.\">monatlich zum 15.<\/option><option value=\"viertelj\u00e4hrlich\">viertelj\u00e4hrlich<\/option><option value=\"halbj\u00e4hrlich\">halbj\u00e4hrlich<\/option><option value=\"j\u00e4hrlich\">j\u00e4hrlich<\/option><\/select><\/span>\n<\/div>\n<\/div>\n\n<div class=\"uacf7_conditional conditional-andererbetrag\">\n<span class=\"wpcf7-form-control-wrap\" data-name=\"anderer-betrag\"><input size=\"40\" maxlength=\"5\" minlength=\"1\" class=\"wpcf7-form-control wpcf7-text\" aria-invalid=\"false\" placeholder=\"Other Amount in \u20ac\" value=\"\" type=\"text\" name=\"anderer-betrag\" \/><\/span>\n<\/div>\n<br>\n<label><strong>Purpose<\/strong><\/label>\n<span class=\"wpcf7-form-control-wrap\" data-name=\"Verwendungszweck\"><select class=\"wpcf7-form-control wpcf7-select wpcf7-validates-as-required\" aria-required=\"true\" aria-invalid=\"false\" name=\"Verwendungszweck\"><option value=\"Wo am n\u00f6tigsten - Projekt 144\">Wo am n\u00f6tigsten - Projekt 144<\/option><option value=\"Bildung - Projekt 608\">Bildung - Projekt 608<\/option><option value=\"Schulpatenschaft - Projekt 608\">Schulpatenschaft - Projekt 608<\/option><\/select><\/span>\n<br>\n<div class=\"uacf7-row\">\n<div class=\"uacf7-col-6\">\n<label><strong>First Name<\/strong><\/label>\n<span class=\"wpcf7-form-control-wrap\" data-name=\"vorname\"><input size=\"40\" maxlength=\"400\" class=\"wpcf7-form-control wpcf7-text wpcf7-validates-as-required\" aria-required=\"true\" aria-invalid=\"false\" placeholder=\"First Name\" value=\"\" type=\"text\" name=\"vorname\" \/><\/span>\n<\/div><div class=\"uacf7-col-6\">\n<label><strong>Last Name<\/strong><\/label>\n<span class=\"wpcf7-form-control-wrap\" data-name=\"nachname\"><input size=\"40\" maxlength=\"400\" class=\"wpcf7-form-control wpcf7-text wpcf7-validates-as-required\" aria-required=\"true\" aria-invalid=\"false\" placeholder=\"Last Name\" value=\"\" type=\"text\" name=\"nachname\" \/><\/span>\n<\/div>\n<\/div>\n<br>\n<label><strong>Street and House Number<\/strong><\/label>\n<span class=\"wpcf7-form-control-wrap\" data-name=\"strasse\"><input size=\"40\" maxlength=\"400\" class=\"wpcf7-form-control wpcf7-text wpcf7-validates-as-required\" aria-required=\"true\" aria-invalid=\"false\" placeholder=\"Street and House Number\" value=\"\" type=\"text\" name=\"strasse\" \/><\/span>\n<br>\n<div class=\"uacf7-row\">\n<div class=\"uacf7-col-6\">\n<label><strong>Postal Code<\/strong><\/label>\n<span class=\"wpcf7-form-control-wrap\" data-name=\"PLZ\"><input size=\"40\" maxlength=\"5\" minlength=\"1\" class=\"wpcf7-form-control wpcf7-text wpcf7-validates-as-required digits\" aria-required=\"true\" aria-invalid=\"false\" placeholder=\"Postal Code\" value=\"\" type=\"text\" name=\"PLZ\" \/><\/span>\n<\/div><div class=\"uacf7-col-6\">\n<label><strong>City<\/strong><\/label>\n<span class=\"wpcf7-form-control-wrap\" data-name=\"ort\"><input size=\"40\" maxlength=\"400\" class=\"wpcf7-form-control wpcf7-text wpcf7-validates-as-required\" aria-required=\"true\" aria-invalid=\"false\" placeholder=\"City\" value=\"\" type=\"text\" name=\"ort\" \/><\/span>\n<\/div>\n<\/div>\n<br>\n<label><strong>E-Mail<\/strong><\/label>\n<span class=\"wpcf7-form-control-wrap\" data-name=\"spender-email\"><input size=\"40\" maxlength=\"400\" class=\"wpcf7-form-control wpcf7-email wpcf7-validates-as-required wpcf7-text wpcf7-validates-as-email\" aria-required=\"true\" aria-invalid=\"false\" placeholder=\"E-Mail\" value=\"\" type=\"email\" name=\"spender-email\" \/><\/span>\n<br>\n<label><strong>IBAN<\/strong><\/label>\n<span class=\"wpcf7-form-control-wrap\" data-name=\"spender-iban\"><input size=\"40\" maxlength=\"22\" minlength=\"22\" class=\"wpcf7-form-control wpcf7-text wpcf7-validates-as-required\" aria-required=\"true\" aria-invalid=\"false\" placeholder=\"IBAN (DE...)\" value=\"\" type=\"text\" name=\"spender-iban\" \/><\/span>\n<br>\nI authorize Globe Mission e.V. (Creditor ID: DE64ZZZ00000000660) to collect payments from my account by direct debit. At the same time, I instruct my bank to honor the direct debits drawn by Globe Mission e.V. from my account.\nSEPA Notice: Within eight weeks, starting from the debit date, the debited amount may be refunded. The terms and conditions agreed upon with my bank apply.\n<span class=\"wpcf7-form-control-wrap\" data-name=\"globe-mission\"><span class=\"wpcf7-form-control wpcf7-acceptance\"><span class=\"wpcf7-list-item\"><label><input type=\"checkbox\" name=\"globe-mission\" value=\"1\" aria-invalid=\"false\" \/><span class=\"wpcf7-list-item-label\">Ja, ich habe den SEPA Hinweis gelesen<\/span><\/label><\/span><\/span><\/span>\n<br>\nI have read the privacy policy and agree to the storage of my data. I am aware that I can revoke my consent to the storage of my data at any time and free of charge by sending an email to info@globemission.org\n. The personal data collected will be stored for the processing of your donation and, if applicable, for issuing a donation receipt.\n<span class=\"wpcf7-form-control-wrap\" data-name=\"datenschutz-zustimmung\"><span class=\"wpcf7-form-control wpcf7-acceptance\"><span class=\"wpcf7-list-item\"><label><input type=\"checkbox\" name=\"datenschutz-zustimmung\" value=\"1\" aria-invalid=\"false\" \/><span class=\"wpcf7-list-item-label\">Ich habe die <a href=\"https:\/\/werner-karin-mission.com\/en\/datenschutz\/\" target=\"_blank\" rel=\"noopener noreferrer\">       Datenschutzerkl\u00e4rung     <\/a> gelesen und stimme der Verarbeitung meiner Angaben zum Zweck der Kontaktaufnahme zu.<\/span><\/label><\/span><\/span><\/span>\n<br>\n\t\t<span class=\"wpcf7-form-control-wrap uacf7_spam_protection-738\"\n\t\t\tdata-name=\"uacf7_spam_protection-738\">\n\t\t\t<div class=\"uacf7_spam_recognation\" iso2=\"&quot;iso2&quot;\" protection-method=\"&quot;arithmathic_recognation&quot;\" aria-invalid=\"&quot;false&quot;\" name=\"&quot;uacf7_spam_protection-738&quot;\" user-ip=\"&quot;216.73.217.107&quot;\">\n\t\t\t\t\t\t\t\t\t<div id=\"arithmathic_recognation\">\n\t\t\t\t\t\t<div id=\"arithmetic_input_holder\">\n\t\t\t\t\t\t\t<div id=\"arithmetic_cal\">\n\t\t\t\t\t\t\t\t<span id=\"frn\">5<\/span>\n\t\t\t\t\t\t\t\t+\n\t\t\t\t\t\t\t\t<span id=\"srn\">6<\/span>\n\t\t\t\t\t\t\t\t=\n\t\t\t\t\t\t\t<\/div>\n\t\t\t\t\t\t\t<button id=\"arithmathic_refresh\">\n\t\t\t\t\t\t\t\t<svg xmlns=\"http:\/\/www.w3.org\/2000\/svg\"\n\t\t\t\t\t\t\t\t\tviewbox=\"0 0 512 512\"><!--!Font Awesome Free 6.5.2 by @fontawesome - https:\/\/fontawesome.com License - https:\/\/fontawesome.com\/license\/free Copyright 2024 Fonticons, Inc.-->\n\t\t\t\t\t\t\t\t\t<path\n\t\t\t\t\t\t\t\t\t\td=\"M142.9 142.9c62.2-62.2 162.7-62.5 225.3-1L327 183c-6.9 6.9-8.9 17.2-5.2 26.2s12.5 14.8 22.2 14.8H463.5c0 0 0 0 0 0H472c13.3 0 24-10.7 24-24V72c0-9.7-5.8-18.5-14.8-22.2s-19.3-1.7-26.2 5.2L413.4 96.6c-87.6-86.5-228.7-86.2-315.8 1C73.2 122 55.6 150.7 44.8 181.4c-5.9 16.7 2.9 34.9 19.5 40.8s34.9-2.9 40.8-19.5c7.7-21.8 20.2-42.3 37.8-59.8zM16 312v7.6 .7V440c0 9.7 5.8 18.5 14.8 22.2s19.3 1.7 26.2-5.2l41.6-41.6c87.6 86.5 228.7 86.2 315.8-1c24.4-24.4 42.1-53.1 52.9-83.7c5.9-16.7-2.9-34.9-19.5-40.8s-34.9 2.9-40.8 19.5c-7.7 21.8-20.2 42.3-37.8 59.8c-62.2 62.2-162.7 62.5-225.3 1L185 329c6.9-6.9 8.9-17.2 5.2-26.2s-12.5-14.8-22.2-14.8H48.4h-.7H40c-13.3 0-24 10.7-24 24z\" \/>\n\t\t\t\t\t\t\t\t<\/svg>\n\t\t\t\t\t\t\t<\/button>\n\t\t\t\t\t\t\t<input type=\"number\" min=\"0\" id=\"rtn\"\n\t\t\t\t\t\t\t\tplaceholder=\"CAPTCHA-Antwort eingeben\" value=\"\">\n\t\t\t\t\t\t<\/div>\n\t\t\t\t\t\t<div>\n\n\t\t\t\t\t\t<\/div>\n\t\t\t\t\t\t<div id=\"arithmathic_result\"><\/div>\n\t\t\t\t\t<\/div>\n\t\t\t\t\n\t\t\t<\/div>\n\t\t<\/span>\n\t\t\n<br>\n<input class=\"wpcf7-form-control wpcf7-submit has-spinner\" type=\"submit\" value=\"Send SEPA Direct Debit\" \/><\/div><div class=\"wpcf7-response-output\" aria-hidden=\"true\"><\/div>\n<input type=\"hidden\" name=\"trp-form-language\" value=\"en\"\/><\/form>\n<\/div>\n<\/div>\n\t\t\t\t\t\t<\/div>\n\t\t\t\t<\/div>\n\t\t\t\t\t<\/div>\n\t\t<\/div>\n\t\t\t\t\t<\/div>\n\t\t<\/section>\n\t\t\t\t<\/div>","protected":false},"excerpt":{"rendered":"<p>SEPA-Lastschrift Wir freuen uns \u00fcber Ihre Unterst\u00fctzung! Jede Spende kommt direkt bei den Bed\u00fcrftigen an und hilft konkret vor Ort. F\u00fcr Ihre Spende stellen wir gern einen Spendenbeleg aus. Bitte geben Sie dabei unbedingt Ihren Namen und Ihre Adresse im Verwendungszweck an.<\/p>","protected":false},"author":4,"featured_media":0,"parent":0,"menu_order":0,"comment_status":"closed","ping_status":"closed","template":"","meta":{"site-sidebar-layout":"no-sidebar","site-content-layout":"","ast-site-content-layout":"full-width-container","site-content-style":"default","site-sidebar-style":"default","ast-global-header-display":"","ast-banner-title-visibility":"","ast-main-header-display":"","ast-hfb-above-header-display":"","ast-hfb-below-header-display":"","ast-hfb-mobile-header-display":"","site-post-title":"disabled","ast-breadcrumbs-content":"","ast-featured-img":"disabled","footer-sml-layout":"","ast-disable-related-posts":"","theme-transparent-header-meta":"","adv-header-id-meta":"","stick-header-meta":"","header-above-stick-meta":"","header-main-stick-meta":"","header-below-stick-meta":"","astra-migrate-meta-layouts":"default","ast-page-background-enabled":"default","ast-page-background-meta":{"desktop":{"background-color":"var(--ast-global-color-5)","background-image":"","background-repeat":"repeat","background-position":"center center","background-size":"auto","background-attachment":"scroll","background-type":"","background-media":"","overlay-type":"","overlay-color":"","overlay-opacity":"","overlay-gradient":""},"tablet":{"background-color":"","background-image":"","background-repeat":"repeat","background-position":"center center","background-size":"auto","background-attachment":"scroll","background-type":"","background-media":"","overlay-type":"","overlay-color":"","overlay-opacity":"","overlay-gradient":""},"mobile":{"background-color":"","background-image":"","background-repeat":"repeat","background-position":"center center","background-size":"auto","background-attachment":"scroll","background-type":"","background-media":"","overlay-type":"","overlay-color":"","overlay-opacity":"","overlay-gradient":""}},"ast-content-background-meta":{"desktop":{"background-color":"var(--ast-global-color-4)","background-image":"","background-repeat":"repeat","background-position":"center center","background-size":"auto","background-attachment":"scroll","background-type":"","background-media":"","overlay-type":"","overlay-color":"","overlay-opacity":"","overlay-gradient":""},"tablet":{"background-color":"var(--ast-global-color-4)","background-image":"","background-repeat":"repeat","background-position":"center center","background-size":"auto","background-attachment":"scroll","background-type":"","background-media":"","overlay-type":"","overlay-color":"","overlay-opacity":"","overlay-gradient":""},"mobile":{"background-color":"var(--ast-global-color-4)","background-image":"","background-repeat":"repeat","background-position":"center center","background-size":"auto","background-attachment":"scroll","background-type":"","background-media":"","overlay-type":"","overlay-color":"","overlay-opacity":"","overlay-gradient":""}},"two_page_speed":[],"footnotes":""},"class_list":["post-2421","page","type-page","status-publish","hentry"],"_links":{"self":[{"href":"https:\/\/werner-karin-mission.com\/en\/wp-json\/wp\/v2\/pages\/2421","targetHints":{"allow":["GET"]}}],"collection":[{"href":"https:\/\/werner-karin-mission.com\/en\/wp-json\/wp\/v2\/pages"}],"about":[{"href":"https:\/\/werner-karin-mission.com\/en\/wp-json\/wp\/v2\/types\/page"}],"author":[{"embeddable":true,"href":"https:\/\/werner-karin-mission.com\/en\/wp-json\/wp\/v2\/users\/4"}],"replies":[{"embeddable":true,"href":"https:\/\/werner-karin-mission.com\/en\/wp-json\/wp\/v2\/comments?post=2421"}],"version-history":[{"count":20,"href":"https:\/\/werner-karin-mission.com\/en\/wp-json\/wp\/v2\/pages\/2421\/revisions"}],"predecessor-version":[{"id":3102,"href":"https:\/\/werner-karin-mission.com\/en\/wp-json\/wp\/v2\/pages\/2421\/revisions\/3102"}],"wp:attachment":[{"href":"https:\/\/werner-karin-mission.com\/en\/wp-json\/wp\/v2\/media?parent=2421"}],"curies":[{"name":"wp","href":"https:\/\/api.w.org\/{rel}","templated":true}]}}